{"id":1053,"date":"2022-09-06T08:20:21","date_gmt":"2022-09-06T07:20:21","guid":{"rendered":"https:\/\/shop.klun.si\/?post_type=product&#038;p=1053"},"modified":"2025-12-23T09:52:16","modified_gmt":"2025-12-23T08:52:16","slug":"yoga-bolster-pravokotne-oblike-barva-sand","status":"publish","type":"product","link":"https:\/\/shop.klun.si\/slo\/product\/yoga-bolster-pravokotne-oblike-barva-sand\/","title":{"rendered":"YOGA BOLSTER pravokotne oblike &#8211; barva Sand"},"content":{"rendered":"<p>Pravokotni joga bolster za Yin in obnovitveno jogo \u2013 polnjen s 100% volno \u2013 pralna 100% bomba\u017ena prevleka \u2013 za studio in doma<\/p>\n<ul>\n<li>OPTIMALEN ZA YIN YOGO \u2013 na\u0161 joga bolster je idealna podpora za vse yin in obnovitvene joge. Nudi podporo v razli\u010dnih polo\u017eajih ali kot podpora nog pri le\u017ee\u010dih polo\u017eajih. Lahko se uporabi tudi kot podpora za pilates.<\/li>\n<li>NARAVNI MATERIALI \u2013 joga bolster je narejen iz naravnih materialov za \u010dim bolj udobno izvajanje polo\u017eajev. Polnjen je s 100% naravno volno. Prevleka je narejena iz dolgo vzdr\u017eljivega 100% bomba\u017ea.<\/li>\n<li>ENOSTAVNO PRANJE \u2013 bomba\u017ena prevleka se enostavno sname ter opere v pralnem stroju na 30c in s tem omogo\u010da enostavno \u010di\u0161\u010denje.<\/li>\n<li>PODROBNOSTI O IZDELKU &#8211; Mere: 60 x 30 x 15 cm | Te\u017ea: 1,5 kg | Prevleka: 100% bomba\u017e | Polnjenje: naravna volna | Zapiranje: zadrga<\/li>\n<\/ul>\n<p>Zelo vsestransko uporaben \u2013 za ne\u017eno odpiranje prsnega ko\u0161a, idealen kot opora \/ podpora nog pri vajah z dvignjenimi nogami ali kot sede\u017ena blazina pri meditaciji in dihalnih vajah.<\/p>\n<p>Polnjen je z naravno volno, zunanja prevleka je iz 100% bomba\u017ea in je pralna.<\/p>\n<p>Odli\u010den pripomo\u010dek za Jin jogo in sprostitveno jogo.<\/p>\n<p>Narejen v Sloveniji.<\/p>\n","protected":false},"excerpt":{"rendered":"<p>Zelo vsestransko uporaben \u2013 za ne\u017eno odpiranje prsnega ko\u0161a, idealen kot opora \/ podpora nog pri vajah z dvignjenimi nogami ali kot sede\u017ena blazina pri meditaciji in dihalnih vajah.<br \/>\nPolnjen je z naravno volno, zunanja prevleka je iz 100% bomba\u017ea in je pralna.<br \/>\nOdli\u010den pripomo\u010dek za Jin jogo in sprostitveno jogo.<br \/>\nNarejen v Sloveniji.<\/p>\n","protected":false},"featured_media":1033,"comment_status":"open","ping_status":"closed","template":"","meta":{"site-sidebar-layout":"default","site-content-layout":"default","ast-site-content-layout":"default","site-content-style":"default","site-sidebar-style":"default","ast-global-header-display":"","ast-banner-title-visibility":"","ast-main-header-display":"","ast-hfb-above-header-display":"","ast-hfb-below-header-display":"","ast-hfb-mobile-header-display":"","site-post-title":"","ast-breadcrumbs-content":"","ast-featured-img":"","footer-sml-layout":"","ast-disable-related-posts":"","theme-transparent-header-meta":"default","adv-header-id-meta":"","stick-header-meta":"","header-above-stick-meta":"","header-main-stick-meta":"","header-below-stick-meta":"","astra-migrate-meta-layouts":"default","ast-page-background-enabled":"default","ast-page-background-meta":{"desktop":{"background-color":"","background-image":"","background-repeat":"repeat","background-position":"center center","background-size":"auto","background-attachment":"scroll","background-type":"","background-media":"","overlay-type":"","overlay-color":"","overlay-opacity":"","overlay-gradient":""},"tablet":{"background-color":"","background-image":"","background-repeat":"repeat","background-position":"center center","background-size":"auto","background-attachment":"scroll","background-type":"","background-media":"","overlay-type":"","overlay-color":"","overlay-opacity":"","overlay-gradient":""},"mobile":{"background-color":"","background-image":"","background-repeat":"repeat","background-position":"center center","background-size":"auto","background-attachment":"scroll","background-type":"","background-media":"","overlay-type":"","overlay-color":"","overlay-opacity":"","overlay-gradient":""}},"ast-content-background-meta":{"desktop":{"background-color":"var(--ast-global-color-5)","background-image":"","background-repeat":"repeat","background-position":"center center","background-size":"auto","background-attachment":"scroll","background-type":"","background-media":"","overlay-type":"","overlay-color":"","overlay-opacity":"","overlay-gradient":""},"tablet":{"background-color":"var(--ast-global-color-5)","background-image":"","background-repeat":"repeat","background-position":"center center","background-size":"auto","background-attachment":"scroll","background-type":"","background-media":"","overlay-type":"","overlay-color":"","overlay-opacity":"","overlay-gradient":""},"mobile":{"background-color":"var(--ast-global-color-5)","background-image":"","background-repeat":"repeat","background-position":"center center","background-size":"auto","background-attachment":"scroll","background-type":"","background-media":"","overlay-type":"","overlay-color":"","overlay-opacity":"","overlay-gradient":""}}},"product_brand":[],"product_cat":[44],"product_tag":[],"class_list":{"0":"post-1053","1":"product","2":"type-product","3":"status-publish","4":"has-post-thumbnail","6":"product_cat-joga-bolsterji","7":"product_shipping_class-slovenija-mali-kosi","8":"desktop-align-left","9":"tablet-align-left","10":"mobile-align-left","12":"first","13":"instock","14":"sale","15":"taxable","16":"shipping-taxable","17":"purchasable","18":"product-type-simple"},"_links":{"self":[{"href":"https:\/\/shop.klun.si\/slo\/wp-json\/wp\/v2\/product\/1053","targetHints":{"allow":["GET"]}}],"collection":[{"href":"https:\/\/shop.klun.si\/slo\/wp-json\/wp\/v2\/product"}],"about":[{"href":"https:\/\/shop.klun.si\/slo\/wp-json\/wp\/v2\/types\/product"}],"replies":[{"embeddable":true,"href":"https:\/\/shop.klun.si\/slo\/wp-json\/wp\/v2\/comments?post=1053"}],"wp:featuredmedia":[{"embeddable":true,"href":"https:\/\/shop.klun.si\/slo\/wp-json\/wp\/v2\/media\/1033"}],"wp:attachment":[{"href":"https:\/\/shop.klun.si\/slo\/wp-json\/wp\/v2\/media?parent=1053"}],"wp:term":[{"taxonomy":"product_brand","embeddable":true,"href":"https:\/\/shop.klun.si\/slo\/wp-json\/wp\/v2\/product_brand?post=1053"},{"taxonomy":"product_cat","embeddable":true,"href":"https:\/\/shop.klun.si\/slo\/wp-json\/wp\/v2\/product_cat?post=1053"},{"taxonomy":"product_tag","embeddable":true,"href":"https:\/\/shop.klun.si\/slo\/wp-json\/wp\/v2\/product_tag?post=1053"}],"curies":[{"name":"wp","href":"https:\/\/api.w.org\/{rel}","templated":true}]}}